{"id":35685,"date":"2019-09-01T00:00:01","date_gmt":"2019-09-01T00:00:01","guid":{"rendered":"https:\/\/donaireportugal.pt\/pt\/?page_id=35685"},"modified":"2022-06-27T14:00:48","modified_gmt":"2022-06-27T14:00:48","slug":"protecao-de-dados","status":"publish","type":"page","link":"https:\/\/donaireportugal.pt\/pt\/protecao-de-dados\/","title":{"rendered":"Prote\u00e7\u00e3o de Dados"},"content":{"rendered":"<p>[et_pb_section fb_built=&#8221;1&#8243; _builder_version=&#8221;4.17.4&#8243; _module_preset=&#8221;default&#8221; background_color=&#8221;#000000&#8243; custom_margin=&#8221;0px||0px||false|false&#8221; custom_padding=&#8221;0px||0px||false|false&#8221; global_colors_info=&#8221;{}&#8221;][et_pb_row _builder_version=&#8221;4.17.4&#8243; _module_preset=&#8221;default&#8221; custom_margin=&#8221;0px||0px||false|false&#8221; custom_padding=&#8221;0px||0px||false|false&#8221; global_colors_info=&#8221;{}&#8221;][et_pb_column type=&#8221;4_4&#8243; _builder_version=&#8221;4.17.4&#8243; _module_preset=&#8221;default&#8221; global_colors_info=&#8221;{}&#8221;][\/et_pb_column][\/et_pb_row][\/et_pb_section][et_pb_section fb_built=&#8221;1&#8243; module_id=&#8221;PP&#8221; _builder_version=&#8221;4.16&#8243; custom_margin=&#8221;0px||0px|&#8221; custom_padding=&#8221;0px|0px|0px|0px&#8221; global_colors_info=&#8221;{}&#8221;][et_pb_row custom_padding_last_edited=&#8221;on|desktop&#8221; _builder_version=&#8221;4.16&#8243; background_size=&#8221;initial&#8221; background_position=&#8221;top_left&#8221; background_repeat=&#8221;repeat&#8221; custom_margin=&#8221;0px||0px||true&#8221; custom_padding=&#8221;100px||100px||true&#8221; custom_padding_tablet=&#8221;80px||80px|&#8221; custom_padding_phone=&#8221;60px||60px|&#8221; global_colors_info=&#8221;{}&#8221;][et_pb_column type=&#8221;4_4&#8243; _builder_version=&#8221;4.16&#8243; custom_padding=&#8221;|||&#8221; global_colors_info=&#8221;{}&#8221; custom_padding__hover=&#8221;|||&#8221;][et_pb_text _builder_version=&#8221;4.17.4&#8243; text_font=&#8221;||||||||&#8221; text_font_size=&#8221;15px&#8221; text_line_height=&#8221;1.3em&#8221; header_font=&#8221;||||||||&#8221; text_orientation=&#8221;justified&#8221; custom_margin=&#8221;0px||0px|&#8221; custom_padding=&#8221;0px||0px|&#8221; global_colors_info=&#8221;{}&#8221;]<\/p>\n<h1>Pol\u00edtica de Privacidade<\/h1>\n<p><strong>RGPD &#8211; POL\u00cdTICA DE PRIVACIDADE<\/strong><\/p>\n<p>A sua privacidade \u00e9 importante para n\u00f3s.<br \/>\nRespeitamos a sua privacidade e estamos empenhados em proteg\u00ea-la.<br \/>\nSabemos das preocupa\u00e7\u00f5es que possa ter sobre a confidencialidade das informa\u00e7\u00f5es e dados pessoais que nos transmite.<br \/>\nO presente documento apresenta a pol\u00edtica de privacidade do nosso site.<br \/>\nA presente pol\u00edtica permitir-lhe obter informa\u00e7\u00f5es adicionais sobre a natureza e uso que fazemos dos dados pessoais que nos fornece e sobre os seus direitos.<\/p>\n<p>Ao submeter os seus dados est\u00e1 a aceitar a nossa pol\u00edtica de privacidade.<\/p>\n<p>No cumprimento da Lei n.\u00ba 67\/98, de 26 de Outubro, sobre a Prote\u00e7\u00e3o de Dados Pessoais, informamos que o tratamento dos dados pessoais recolhidos no site s\u00e3o da nossa responsabilidade.<\/p>\n<p>&nbsp;<\/p>\n<p><strong>1. Identidade e contactos do respons\u00e1vel pelo tratamento dos dados.<\/strong><br \/>\nOs dados captados neste site s\u00e3o tratados por n\u00f3s.<br \/>\nAs informa\u00e7\u00f5es recolhidas no nosso site, s\u00e3o administradas e controladas exclusivamente por n\u00f3s.<br \/>\nOferecemos garantias suficientes relativamente \u00e0 prote\u00e7\u00e3o das suas informa\u00e7\u00f5es pessoais sendo as mesmas administradas em conformidade com a legisla\u00e7\u00e3o atual relativa \u00e0 prote\u00e7\u00e3o das informa\u00e7\u00f5es pessoais, assim como esta pol\u00edtica de privacidade.<\/p>\n<p><strong>2.Fundamento de legitimidade do tratamento de dados<\/strong><br \/>\nAtrav\u00e9s deste site poderemos recolher dados pessoais, transmitidos atrav\u00e9s do formul\u00e1rio de contacto com o seu consentimento.<\/p>\n<p><strong>3. Finalidades<\/strong><br \/>\nOs seus dados s\u00e3o recolhidos com a finalidade de:<br \/>\n&#8211; Responder \u00e0s suas quest\u00f5es atrav\u00e9s do formul\u00e1rio de contato;<br \/>\n&#8211; Enviar-lhe informa\u00e7\u00f5es sobre as nossas ofertas de produtos e servi\u00e7os, novidades e eventos (newsletters).<\/p>\n<p><strong>4. Per\u00edodo de conserva\u00e7\u00e3o dos seus dados<\/strong><br \/>\nOs dados recolhidos e tratados atrav\u00e9s do formul\u00e1rio de contacto ser\u00e3o mantidos somente durante o processamento do seu pedido, ap\u00f3s esta fase os seus dados ser\u00e3o destru\u00eddos.<\/p>\n<p><strong>5. Destinat\u00e1rios dos dados<\/strong><br \/>\nAs informa\u00e7\u00f5es pessoais disponibilizadas servem para a nossa empresa poder entrar em contacto consigo e prestar todas as informa\u00e7\u00f5es por si pedidas atrav\u00e9s do nosso formul\u00e1rio de contacto.<br \/>\nOs seus dados pessoais nunca ser\u00e3o divulgados a terceiros, exceto em caso especiais, como:<br \/>\n&#8211; Satisfazer exig\u00eancias impostas pela lei ou pelas autoridades governamentais ou judiciais competentes.<\/p>\n<p><strong>6. Seguran\u00e7a e confidencialidade dos dados<\/strong><br \/>\nEmpenhamo-nos na implementa\u00e7\u00e3o de todas as precau\u00e7\u00f5es necess\u00e1rias para preservar a confidencialidade e seguran\u00e7a dos seus dados pessoais.<\/p>\n<p><strong>7. Os seus direitos e como poder\u00e1 aceder, retificar ou opor-se ao tratamento dos seus dados pessoais.<\/strong><br \/>\nNos termos da lei de prote\u00e7\u00e3o de dados pessoais, \u00e9 garantido ao titular dos dados, o direito de acesso, atualiza\u00e7\u00e3o, retifica\u00e7\u00e3o ou elimina\u00e7\u00e3o dos seus dados pessoais, o que poder\u00e1 ter lugar atrav\u00e9s dos v\u00e1rios contactos que disponibilizamos.<br \/>\nPara qualquer quest\u00e3o sobre a recolha e tratamento dos seus dados, pode contactar-nos por email ou atrav\u00e9s do nosso contacto telef\u00f3nico.<\/p>\n<p><strong>8. Utiliza\u00e7\u00e3o de dados<\/strong><br \/>\nAs informa\u00e7\u00f5es pessoais disponibilizadas servem para a nossa empresa poder entrar em contacto consigo e prestar todas as informa\u00e7\u00f5es por si pedidas atrav\u00e9s do nosso formul\u00e1rio de contacto.<br \/>\nComprometemo-nos a n\u00e3o transferir ou vender os seus dados pessoais a terceiros.<br \/>\nApenas se formos obrigados por lei ou por decis\u00e3o judicial divulgamos os seus dados pessoais.<\/p>\n<p><strong>9. Como usamos os \u201ccookies\u201d<\/strong><br \/>\nOs \u201cCookies\u201d s\u00e3o armazenados no seu computador atrav\u00e9s do navegador (browser), retendo apenas informa\u00e7\u00e3o relacionada com as suas prefer\u00eancias, n\u00e3o incluindo, como tal, os seus dados pessoais.<br \/>\nNo texto abaixo pode encontrar mais informa\u00e7\u00e3o acerca dos v\u00e1rios cookies que usamos e do prop\u00f3sito de cada um:<br \/>\n&#8211; Cookies estritamente necess\u00e1rios: Permitem que navegue no website e utilize as suas aplica\u00e7\u00f5es. Sem estes cookies, os servi\u00e7os que tenha requerido n\u00e3o podem ser prestados.<br \/>\n&#8211; Cookies anal\u00edticos: S\u00e3o utilizados anonimamente para efeitos de cria\u00e7\u00e3o e an\u00e1lise de estat\u00edsticas, no sentido de melhorar o funcionamento do website.<br \/>\n&#8211; Cookies de funcionalidade: Guardam as prefer\u00eancias do utilizador relativamente \u00e0 utiliza\u00e7\u00e3o do site, de forma que n\u00e3o seja necess\u00e1rio voltar a configurar o site cada vez que o visita.<\/p>\n<p><strong>10. Contactos<\/strong><br \/>\nSe precisar de mais informa\u00e7\u00f5es contacte-nos atrav\u00e9s do seguinte email: <a href=\"mailto:donaire@donaireportugal.pt\">donaire@donaireportugal.pt<\/a>.[\/et_pb_text][\/et_pb_column][\/et_pb_row][\/et_pb_section][et_pb_section fb_built=&#8221;1&#8243; module_id=&#8221;PC&#8221; _builder_version=&#8221;4.17.4&#8243; custom_margin=&#8221;0px||0px|&#8221; custom_padding=&#8221;0px|0px|0px|0px&#8221; hover_enabled=&#8221;0&#8243; border_color_bottom=&#8221;rgba(0,0,0,0.1)&#8221; global_colors_info=&#8221;{}&#8221; background_color=&#8221;#f8f8f8&#8243; sticky_enabled=&#8221;0&#8243;][et_pb_row custom_padding_last_edited=&#8221;on|desktop&#8221; _builder_version=&#8221;4.16&#8243; background_size=&#8221;initial&#8221; background_position=&#8221;top_left&#8221; background_repeat=&#8221;repeat&#8221; custom_margin=&#8221;0px||0px|&#8221; custom_padding=&#8221;100px||100px|&#8221; custom_padding_tablet=&#8221;80px||80px|&#8221; custom_padding_phone=&#8221;60px||60px|&#8221; global_colors_info=&#8221;{}&#8221;][et_pb_column type=&#8221;4_4&#8243; _builder_version=&#8221;4.16&#8243; custom_padding=&#8221;|||&#8221; global_colors_info=&#8221;{}&#8221; custom_padding__hover=&#8221;|||&#8221;][et_pb_text _builder_version=&#8221;4.16&#8243; text_font=&#8221;||||||||&#8221; text_font_size=&#8221;15px&#8221; text_line_height=&#8221;1.3em&#8221; header_font=&#8221;||||||||&#8221; text_orientation=&#8221;justified&#8221; custom_margin=&#8221;0px||0px|&#8221; custom_padding=&#8221;0px||0px|&#8221; global_colors_info=&#8221;{}&#8221;]<\/p>\n<h1>Pol\u00edtica de Cookies<\/h1>\n<p>&nbsp;<\/p>\n<p><strong>USO DE COOKIES<\/strong><br \/>Este site utiliza cookies para lhe permitir ter a melhor experi\u00eancia como utilizador.<br \/>Se continuar a navegar est\u00e1 a dar o seu consentimento para a aceita\u00e7\u00e3o dos referidos cookies bem como da nossa Pol\u00edtica de Cookies.<\/p>\n<p><strong>O QUE S\u00c3O COOKIES?<\/strong><br \/>Os cookies s\u00e3o pequenos ficheiros de texto gravados no seu equipamento quando acede aos sites.<br \/>Estes permitem o armazenamento de um conjunto de informa\u00e7\u00f5es relacionadas com o utilizador, em que umas s\u00e3o usadas para reconhecer o utilizador em futuras visitas ao nosso site, e outras s\u00e3o usadas para garantir as funcionalidades disponibilizadas e melhorar o desempenho e a experi\u00eancia do utilizador no site.<br \/>O tipo de informa\u00e7\u00e3o que pode ser analisada utilizando cookies \u00e9 a seguinte: nome de utilizador, endere\u00e7o de correio eletr\u00f3nico e palavra-passe, o endere\u00e7o de protocolo de internet (IP) que \u00e9 utilizado para ligar \u00e0 internet, o tipo e a vers\u00e3o de navegador, o sistema operativo e a plataforma utilizada para a liga\u00e7\u00e3o, os endere\u00e7os web (URLs) desde os quais ou atrav\u00e9s dos quais tenha acedido e deixado os nossos servi\u00e7os online, e a data e a hora da referida atividade, entre outros.<br \/>Os cookies dos sites podem ser, a qualquer momento, desactivados ou geridos. Para saber como o fazer aceda \u00e0 \u00e1rea de \u201cAjuda\u201d do seu Browser.<br \/>Aten\u00e7\u00e3o: \u00e9 importante perceber que algumas \u00e1reas do site poder\u00e3o n\u00e3o funcionar correctamente ap\u00f3s a desactiva\u00e7\u00e3o dos cookies.<\/p>\n<p><strong>FINALIDADE DOS COOKIES?<\/strong><br \/>A utiliza\u00e7\u00e3o de cookies optimiza a navega\u00e7\u00e3o do utilizador, permitindo que os dados armazenados melhorem a sua experi\u00eancia no site, aumentando tamb\u00e9m a efici\u00eancia de resposta do endere\u00e7o web.<br \/>Assim, permitem eliminar algumas a\u00e7\u00f5es repetitivas no site, bem como auxiliar na apresenta\u00e7\u00e3o de informa\u00e7\u00e3o, para ir, o mais poss\u00edvel de encontro aos seus interesses.<\/p>\n<p><strong>TIPOS DE COOKIES UTILIZADOS<\/strong><br \/>Os cookies s\u00e3o segmentados de acordo com a sua finalidade e data de validade.<br \/>Os cookies essenciais s\u00e3o elementos fundamentais de acesso a determinadas \u00e1reas do site, tais como o acesso a \u00e1reas seguras do site atrav\u00e9s de login e Password. Desactivando os cookies os mesmos servi\u00e7os poder\u00e3o n\u00e3o ser consultados.<br \/>Os cookies de funcionalidade memorizam as prefer\u00eancias de navega\u00e7\u00e3o do utilizador.<br \/>Os cookies anal\u00edticos permitem a memoriza\u00e7\u00e3o da forma como determinado site \u00e9 navegado, com a finalidade de apresenta\u00e7\u00e3o de produtos ou servi\u00e7os que v\u00e3o de encontro ao utilizador, atrav\u00e9s da monitoriza\u00e7\u00e3o do site. S\u00e3o exemplos os que guardam as p\u00e1ginas mais visitadas, o tempo em cada p\u00e1gina, produtos ou servi\u00e7os pesquisados, etc. Estes cookies armazenam informa\u00e7\u00f5es de teor estat\u00edstico.<\/p>\n<p><strong>EXPRESS\u00c3O DE CONSENTIMENTO DE USO DE COOKIES<\/strong><br \/>O utilizador ao aceder ao nosso site d\u00e1 o seu consentimento para o uso de cookies atrav\u00e9s de um bot\u00e3o OK no banner que aparece quando o utilizador visita pela primeira vez o nosso site.<\/p>\n<p>[\/et_pb_text][et_pb_button button_url=&#8221;https:\/\/donaireportugal.pt\/pt\/&#8221; button_text=&#8221;Homepage&#8221; _builder_version=&#8221;4.16&#8243; custom_margin=&#8221;30px||0px||false&#8221; global_colors_info=&#8221;{}&#8221;][\/et_pb_button][\/et_pb_column][\/et_pb_row][\/et_pb_section][et_pb_section fb_built=&#8221;1&#8243; custom_padding_last_edited=&#8221;on|phone&#8221; _builder_version=&#8221;4.17.4&#8243; _module_preset=&#8221;default&#8221; background_color=&#8221;#000000&#8243; custom_margin_tablet=&#8221;0px||||false|false&#8221; custom_margin_phone=&#8221;0px||0px||false|false&#8221; custom_margin_last_edited=&#8221;on|tablet&#8221; custom_padding=&#8221;0px||0px||false|false&#8221; custom_padding_tablet=&#8221;0px||0px||false|false&#8221; custom_padding_phone=&#8221;0px||30px||false|false&#8221; animation_style=&#8221;slide&#8221; animation_direction=&#8221;bottom&#8221; animation_duration=&#8221;1500ms&#8221; animation_intensity_slide=&#8221;5%&#8221; hover_enabled=&#8221;0&#8243; saved_tabs=&#8221;all&#8221; locked=&#8221;off&#8221; global_colors_info=&#8221;{}&#8221; sticky_enabled=&#8221;0&#8243;][et_pb_row column_structure=&#8221;2_5,3_5&#8243; _builder_version=&#8221;4.17.2&#8243; _module_preset=&#8221;default&#8221; width=&#8221;90%&#8221; max_width=&#8221;1200px&#8221; custom_padding=&#8221;100px||10px||false|false&#8221; global_colors_info=&#8221;{}&#8221;][et_pb_column type=&#8221;2_5&#8243; _builder_version=&#8221;4.17.2&#8243; _module_preset=&#8221;default&#8221; global_colors_info=&#8221;{}&#8221;][et_pb_image src=&#8221;https:\/\/donaireportugal.pt\/pt\/wp-content\/uploads\/2022\/05\/DONAIRE_LOGO_FOOTER.png&#8221; title_text=&#8221;DONAIRE_LOGO_FOOTER&#8221; align_tablet=&#8221;&#8221; align_phone=&#8221;center&#8221; align_last_edited=&#8221;on|phone&#8221; _builder_version=&#8221;4.17.2&#8243; _module_preset=&#8221;default&#8221; custom_margin=&#8221;||||false|false&#8221; custom_padding=&#8221;||||false|false&#8221; global_colors_info=&#8221;{}&#8221;][\/et_pb_image][\/et_pb_column][et_pb_column type=&#8221;3_5&#8243; _builder_version=&#8221;4.17.2&#8243; _module_preset=&#8221;default&#8221; global_colors_info=&#8221;{}&#8221;][\/et_pb_column][\/et_pb_row][et_pb_row column_structure=&#8221;1_4,1_4,1_4,1_4&#8243; use_custom_gutter=&#8221;on&#8221; gutter_width=&#8221;2&#8243; make_equal=&#8221;on&#8221; disabled_on=&#8221;on|off|off&#8221; _builder_version=&#8221;4.17.2&#8243; _module_preset=&#8221;default&#8221; width=&#8221;90%&#8221; width_tablet=&#8221;80%&#8221; width_phone=&#8221;&#8221; width_last_edited=&#8221;on|tablet&#8221; max_width=&#8221;1200px&#8221; custom_margin=&#8221;0px||0px||true|false&#8221; custom_padding=&#8221;20px||100px||false|false&#8221; global_module=&#8221;56881&#8243; global_colors_info=&#8221;{}&#8221;][et_pb_column type=&#8221;1_4&#8243; module_class=&#8221;RodapeRow_01&#8243; _builder_version=&#8221;4.16&#8243; _module_preset=&#8221;default&#8221; global_colors_info=&#8221;{}&#8221;][et_pb_text _builder_version=&#8221;4.17.2&#8243; text_font=&#8221;||||||||&#8221; header_font=&#8221;|300|||||||&#8221; header_text_align=&#8221;left&#8221; header_text_color=&#8221;#666666&#8243; header_font_size=&#8221;34px&#8221; header_letter_spacing=&#8221;1px&#8221; header_line_height=&#8221;1.2em&#8221; text_orientation=&#8221;justified&#8221; background_layout=&#8221;dark&#8221; module_alignment=&#8221;center&#8221; custom_margin=&#8221;0px||0px||true&#8221; custom_padding=&#8221;0px||0px||true&#8221; header_font_size_tablet=&#8221;&#8221; header_font_size_phone=&#8221;&#8221; header_font_size_last_edited=&#8221;on|phone&#8221; locked=&#8221;off&#8221; global_colors_info=&#8221;{}&#8221;]<\/p>\n<h1 style=\"padding-bottom: 0px;\"><strong>25 anos <br \/>de experi\u00eancia<\/strong><br \/>no setor do cal\u00e7ado<\/h1>\n<p>[\/et_pb_text][\/et_pb_column][et_pb_column type=&#8221;1_4&#8243; module_class=&#8221;RodapeRow_02 md05&#8243; _builder_version=&#8221;4.16&#8243; _module_preset=&#8221;default&#8221; global_colors_info=&#8221;{}&#8221;][et_pb_text module_class=&#8221;LinkFooterPreto&#8221; _builder_version=&#8221;4.17.4&#8243; _module_preset=&#8221;default&#8221; background_layout=&#8221;dark&#8221; custom_margin=&#8221;0px||0px||true|false&#8221; custom_padding=&#8221;0px||0px||true|false&#8221; text_font_size_tablet=&#8221;17px&#8221; text_font_size_phone=&#8221;16px&#8221; text_font_size_last_edited=&#8221;on|desktop&#8221; text_orientation_tablet=&#8221;center&#8221; text_orientation_phone=&#8221;&#8221; text_orientation_last_edited=&#8221;on|desktop&#8221; locked=&#8221;off&#8221; global_colors_info=&#8221;{}&#8221;]<\/p>\n<p style=\"font-size: 13px; padding-bottom: 10px;\">Onde estamos<\/p>\n<p><a href=\"https:\/\/goo.gl\/maps\/q9myrPCRkde9ggxy6\" target=\"_blank\" rel=\"noopener\">R. 24 de Junho 585,<br \/>\n4800-129 Penselo<br \/>\nPortugal<\/a>[\/et_pb_text][\/et_pb_column][et_pb_column type=&#8221;1_4&#8243; module_class=&#8221;RodapeRow_03 md05&#8243; _builder_version=&#8221;4.16&#8243; _module_preset=&#8221;default&#8221; global_colors_info=&#8221;{}&#8221;][et_pb_text module_class=&#8221;LinkFooterPreto&#8221; _builder_version=&#8221;4.17.2&#8243; _module_preset=&#8221;default&#8221; background_layout=&#8221;dark&#8221; custom_margin=&#8221;0px||0px|-25px|true|false&#8221; custom_margin_tablet=&#8221;|||0px|true|false&#8221; custom_margin_phone=&#8221;|||0px|true|false&#8221; custom_margin_last_edited=&#8221;on|desktop&#8221; custom_padding=&#8221;0px||0px||true|false&#8221; text_font_size_tablet=&#8221;17px&#8221; text_font_size_phone=&#8221;16px&#8221; text_font_size_last_edited=&#8221;on|desktop&#8221; text_orientation_tablet=&#8221;center&#8221; text_orientation_phone=&#8221;&#8221; text_orientation_last_edited=&#8221;on|desktop&#8221; locked=&#8221;off&#8221; global_colors_info=&#8221;{}&#8221;]<\/p>\n<p style=\"font-size: 13px; padding-bottom: 10px;\">Fale connosco<\/p>\n<p><a href=\"tel:253 557 145\">T. (+351) 253 557 145<\/a><br \/><a href=\"mailto:donaire@donaireportugal.pt\">donaire@donaireportugal.pt<\/a><\/p>\n<p>[\/et_pb_text][\/et_pb_column][et_pb_column type=&#8221;1_4&#8243; module_class=&#8221;RodapeRow_04&#8243; _builder_version=&#8221;4.16&#8243; _module_preset=&#8221;default&#8221; global_colors_info=&#8221;{}&#8221;][et_pb_text module_class=&#8221;LinkFooterPreto&#8221; _builder_version=&#8221;4.17.4&#8243; _module_preset=&#8221;default&#8221; background_layout=&#8221;dark&#8221; custom_margin=&#8221;0px||0px||true|false&#8221; custom_padding=&#8221;0px||0px||true|false&#8221; text_font_size_tablet=&#8221;17px&#8221; text_font_size_phone=&#8221;16px&#8221; text_font_size_last_edited=&#8221;on|desktop&#8221; text_orientation_tablet=&#8221;center&#8221; text_orientation_phone=&#8221;&#8221; text_orientation_last_edited=&#8221;on|desktop&#8221; locked=&#8221;off&#8221; global_colors_info=&#8221;{}&#8221;]<\/p>\n<p style=\"font-size: 13px; padding-bottom: 10px;\">Siga-nos<\/p>\n<p><a href=\"https:\/\/www.facebook.com\/donaireportugal\" target=\"_blank\" rel=\"noopener\">Facebook<\/a>[\/et_pb_text][\/et_pb_column][\/et_pb_row][et_pb_row use_custom_gutter=&#8221;on&#8221; gutter_width=&#8221;2&#8243; make_equal=&#8221;on&#8221; disabled_on=&#8221;off|on|on&#8221; _builder_version=&#8221;4.17.2&#8243; _module_preset=&#8221;default&#8221; width=&#8221;90%&#8221; width_tablet=&#8221;80%&#8221; width_phone=&#8221;&#8221; width_last_edited=&#8221;on|tablet&#8221; max_width=&#8221;1200px&#8221; custom_margin=&#8221;0px||0px||true|false&#8221; custom_padding=&#8221;0px||60px||false|false&#8221; global_module=&#8221;56886&#8243; global_colors_info=&#8221;{}&#8221;][et_pb_column type=&#8221;4_4&#8243; module_class=&#8221;RodapeRow_01&#8243; _builder_version=&#8221;4.16&#8243; _module_preset=&#8221;default&#8221; global_colors_info=&#8221;{}&#8221;][et_pb_text module_class=&#8221;LinkFooterPreto&#8221; _builder_version=&#8221;4.17.2&#8243; _module_preset=&#8221;default&#8221; background_layout=&#8221;dark&#8221; custom_margin=&#8221;0px||0px||false|false&#8221; custom_margin_tablet=&#8221;|||0px|true|false&#8221; custom_margin_phone=&#8221;|||0px|true|false&#8221; custom_margin_last_edited=&#8221;on|desktop&#8221; custom_padding=&#8221;0px||0px||true|false&#8221; text_font_size_tablet=&#8221;17px&#8221; text_font_size_phone=&#8221;16px&#8221; text_font_size_last_edited=&#8221;on|desktop&#8221; text_orientation_tablet=&#8221;center&#8221; text_orientation_phone=&#8221;&#8221; text_orientation_last_edited=&#8221;on|desktop&#8221; locked=&#8221;off&#8221; global_colors_info=&#8221;{}&#8221;]<\/p>\n<p style=\"font-size: 13px; padding-bottom: 10px;\">Fale connosco<\/p>\n<p><a href=\"tel:253 557 145\">T. (+351) 253 557 145<\/a><br \/><a href=\"mailto:donaire@donaireportugal.pt\">donaire@donaireportugal.pt<\/a><\/p>\n<p>[\/et_pb_text][et_pb_text module_class=&#8221;LinkFooterPreto&#8221; _builder_version=&#8221;4.17.4&#8243; _module_preset=&#8221;default&#8221; background_layout=&#8221;dark&#8221; custom_margin=&#8221;30px||0px||false|false&#8221; custom_margin_tablet=&#8221;|||0px|true|false&#8221; custom_margin_phone=&#8221;|||0px|true|false&#8221; custom_margin_last_edited=&#8221;on|desktop&#8221; custom_padding=&#8221;0px||0px||true|false&#8221; text_font_size_tablet=&#8221;17px&#8221; text_font_size_phone=&#8221;16px&#8221; text_font_size_last_edited=&#8221;on|desktop&#8221; text_orientation_tablet=&#8221;center&#8221; text_orientation_phone=&#8221;&#8221; text_orientation_last_edited=&#8221;on|desktop&#8221; locked=&#8221;off&#8221; global_colors_info=&#8221;{}&#8221;]<\/p>\n<p style=\"font-size: 13px; padding-bottom: 10px;\">Siga-nos<\/p>\n<p><a href=\"https:\/\/www.facebook.com\/donaireportugal\" target=\"_blank\" rel=\"noopener\">Facebook<\/a>[\/et_pb_text][\/et_pb_column][\/et_pb_row][et_pb_row column_structure=&#8221;1_2,1_2&#8243; use_custom_gutter=&#8221;on&#8221; gutter_width=&#8221;1&#8243; make_equal=&#8221;on&#8221; custom_padding_last_edited=&#8221;on|tablet&#8221; _builder_version=&#8221;4.17.2&#8243; _module_preset=&#8221;default&#8221; width=&#8221;90%&#8221; width_tablet=&#8221;80%&#8221; width_phone=&#8221;&#8221; width_last_edited=&#8221;on|tablet&#8221; max_width=&#8221;1200px&#8221; custom_margin=&#8221;0px||0px||true|false&#8221; custom_padding=&#8221;30px||30px||true|false&#8221; custom_padding_tablet=&#8221;30px||30px||true|false&#8221; custom_padding_phone=&#8221;&#8221; border_width_top=&#8221;1px&#8221; border_color_top=&#8221;rgba(255,255,255,0.2)&#8221; global_module=&#8221;56883&#8243; locked=&#8221;off&#8221; global_colors_info=&#8221;{}&#8221;][et_pb_column type=&#8221;1_2&#8243; _builder_version=&#8221;4.16&#8243; _module_preset=&#8221;default&#8221; global_colors_info=&#8221;{}&#8221;][et_pb_text module_class=&#8221;LinkFooterPreto&#8221; _builder_version=&#8221;4.17.2&#8243; _module_preset=&#8221;default&#8221; text_font_size=&#8221;12px&#8221; text_line_height=&#8221;1.3em&#8221; background_layout=&#8221;dark&#8221; custom_margin=&#8221;0px||0px||true|false&#8221; custom_padding=&#8221;0px||0px||true|false&#8221; custom_padding_tablet=&#8221;||10px||false|false&#8221; custom_padding_phone=&#8221;&#8221; custom_padding_last_edited=&#8221;on|tablet&#8221; text_orientation_tablet=&#8221;center&#8221; text_orientation_phone=&#8221;&#8221; text_orientation_last_edited=&#8221;on|desktop&#8221; global_colors_info=&#8221;{}&#8221;]<a href=\"https:\/\/donaireportugal.pt\/pt\/protecao-de-dados\/#PP\" style=\"color: #808080;\"> Pol\u00edtica de Privacidade<\/a> \u00a0\u00a0 <a href=\"https:\/\/donaireportugal.pt\/pt\/protecao-de-dados\/#PC\" style=\"color: #808080;\">Pol\u00edtica de Cookies<\/a><\/span><\/p>\n<p>[\/et_pb_text][\/et_pb_column][et_pb_column type=&#8221;1_2&#8243; _builder_version=&#8221;4.16&#8243; _module_preset=&#8221;default&#8221; global_colors_info=&#8221;{}&#8221;][et_pb_text module_class=&#8221;LinkFooterPreto&#8221; _builder_version=&#8221;4.17.2&#8243; _module_preset=&#8221;default&#8221; text_font_size=&#8221;12px&#8221; text_line_height=&#8221;1.3em&#8221; text_orientation=&#8221;right&#8221; background_layout=&#8221;dark&#8221; custom_margin=&#8221;0px||0px||true|false&#8221; custom_padding=&#8221;0px||0px||true|false&#8221; text_orientation_tablet=&#8221;center&#8221; text_orientation_phone=&#8221;&#8221; text_orientation_last_edited=&#8221;on|desktop&#8221; global_colors_info=&#8221;{}&#8221;]<\/p>\n<p><span style=\"color: #808080;\"><a href=\"https:\/\/criativo.net\/\" target=\"_blank\" rel=\"noopener\" style=\"color: #808080;\">cria\u00e7\u00e3o de sites<\/a> : <a href=\"https:\/\/criativo.net\/\" target=\"_blank\" rel=\"noopener\" style=\"color: #808080;\">criativo.net<\/a><\/span><\/p>\n<p>[\/et_pb_text][\/et_pb_column][\/et_pb_row][\/et_pb_section]<\/p>\n","protected":false},"excerpt":{"rendered":"<p>Pol\u00edtica de Privacidade RGPD &#8211; POL\u00cdTICA DE PRIVACIDADE A sua privacidade \u00e9 importante para n\u00f3s. Respeitamos a sua privacidade e estamos empenhados em proteg\u00ea-la. Sabemos das preocupa\u00e7\u00f5es que possa ter sobre a confidencialidade das informa\u00e7\u00f5es e dados pessoais que nos transmite. O presente documento apresenta a pol\u00edtica de privacidade do nosso site. A presente pol\u00edtica [&hellip;]<\/p>\n","protected":false},"author":3,"featured_media":0,"parent":0,"menu_order":0,"comment_status":"closed","ping_status":"closed","template":"","meta":{"_et_pb_use_builder":"on","_et_pb_old_content":"","_et_gb_content_width":"","footnotes":""},"class_list":["post-35685","page","type-page","status-publish","hentry"],"_links":{"self":[{"href":"https:\/\/donaireportugal.pt\/pt\/wp-json\/wp\/v2\/pages\/35685","targetHints":{"allow":["GET"]}}],"collection":[{"href":"https:\/\/donaireportugal.pt\/pt\/wp-json\/wp\/v2\/pages"}],"about":[{"href":"https:\/\/donaireportugal.pt\/pt\/wp-json\/wp\/v2\/types\/page"}],"author":[{"embeddable":true,"href":"https:\/\/donaireportugal.pt\/pt\/wp-json\/wp\/v2\/users\/3"}],"replies":[{"embeddable":true,"href":"https:\/\/donaireportugal.pt\/pt\/wp-json\/wp\/v2\/comments?post=35685"}],"version-history":[{"count":39,"href":"https:\/\/donaireportugal.pt\/pt\/wp-json\/wp\/v2\/pages\/35685\/revisions"}],"predecessor-version":[{"id":57835,"href":"https:\/\/donaireportugal.pt\/pt\/wp-json\/wp\/v2\/pages\/35685\/revisions\/57835"}],"wp:attachment":[{"href":"https:\/\/donaireportugal.pt\/pt\/wp-json\/wp\/v2\/media?parent=35685"}],"curies":[{"name":"wp","href":"https:\/\/api.w.org\/{rel}","templated":true}]}}